{"id":1204,"date":"2022-09-21T19:00:56","date_gmt":"2022-09-21T17:00:56","guid":{"rendered":"https:\/\/blacklynx.ee\/?page_id=1204"},"modified":"2022-09-21T19:07:15","modified_gmt":"2022-09-21T17:07:15","slug":"andmekaitse","status":"publish","type":"page","link":"https:\/\/blacklynx.ee\/en\/andmekaitse\/","title":{"rendered":"Andmekaitse"},"content":{"rendered":"<div data-elementor-type=\"wp-page\" data-elementor-id=\"1204\" class=\"elementor elementor-1204\" data-elementor-post-type=\"page\">\n\t\t\t\t\t\t<section class=\"elementor-section elementor-top-section elementor-element elementor-element-2da486d elementor-section-boxed elementor-section-height-default elementor-section-height-default\" data-id=\"2da486d\" data-element_type=\"section\" data-e-type=\"section\">\n\t\t\t\t\t\t<div class=\"elementor-container elementor-column-gap-default\">\n\t\t\t\t\t<div class=\"elementor-column elementor-col-100 elementor-top-column elementor-element elementor-element-ed44b4e\" data-id=\"ed44b4e\" data-element_type=\"column\" data-e-type=\"column\">\n\t\t\t<div class=\"elementor-widget-wrap elementor-element-populated\">\n\t\t\t\t\t\t<div class=\"elementor-element elementor-element-0c739d3 elementor-widget elementor-widget-heading\" data-id=\"0c739d3\" data-element_type=\"widget\" data-e-type=\"widget\" data-widget_type=\"heading.default\">\n\t\t\t\t<div class=\"elementor-widget-container\">\n\t\t\t\t\t<h1 class=\"elementor-heading-title elementor-size-default\">Andmekaitse<\/h1>\t\t\t\t<\/div>\n\t\t\t\t<\/div>\n\t\t\t\t<div class=\"elementor-element elementor-element-450fff0 elementor-widget-divider--view-line elementor-widget elementor-widget-divider\" data-id=\"450fff0\" data-element_type=\"widget\" data-e-type=\"widget\" data-widget_type=\"divider.default\">\n\t\t\t\t<div class=\"elementor-widget-container\">\n\t\t\t\t\t\t\t<div class=\"elementor-divider\">\n\t\t\t<span class=\"elementor-divider-separator\">\n\t\t\t\t\t\t<\/span>\n\t\t<\/div>\n\t\t\t\t\t\t<\/div>\n\t\t\t\t<\/div>\n\t\t\t\t\t<\/div>\n\t\t<\/div>\n\t\t\t\t\t<\/div>\n\t\t<\/section>\n\t\t\t\t<section class=\"elementor-section elementor-top-section elementor-element elementor-element-79aa727 elementor-section-boxed elementor-section-height-default elementor-section-height-default\" data-id=\"79aa727\" data-element_type=\"section\" data-e-type=\"section\">\n\t\t\t\t\t\t<div class=\"elementor-container elementor-column-gap-default\">\n\t\t\t\t\t<div class=\"elementor-column elementor-col-100 elementor-top-column elementor-element elementor-element-6c6b36e\" data-id=\"6c6b36e\" data-element_type=\"column\" data-e-type=\"column\">\n\t\t\t<div class=\"elementor-widget-wrap elementor-element-populated\">\n\t\t\t\t\t\t<div class=\"elementor-element elementor-element-946254a elementor-widget elementor-widget-text-editor\" data-id=\"946254a\" data-element_type=\"widget\" data-e-type=\"widget\" data-widget_type=\"text-editor.default\">\n\t\t\t\t<div class=\"elementor-widget-container\">\n\t\t\t\t\t\t\t\t\t<p style=\"font-weight: 400;\">Isikuandmete vastutavaks t\u00f6\u00f6tlejaks on Blacklynx O\u00dc, registrikood 14142382, edaspidi meie).<\/p><p style=\"font-weight: 400;\">Pakume oma klientidele erinevaid koolitusi ning raamatupidamise- ja \u00e4riteenuseid, mille osutamise k\u00e4igus puutume kokku ka oma klientide isikuandmetega.<\/p><p style=\"font-weight: 400;\">Privaatsusteates anname \u00fclevaate selle kohta, milliseid isikuandmeid me oma klientide kohta kogume ja t\u00f6\u00f6tleme, millistel eesm\u00e4rkidel ja millisel alusel me seda teeme ja kui kaua me andmeid s\u00e4ilitame. Samuti anname \u00fclevaate, millised on \u00f5igused seoses neid puudutavate isikuandmete t\u00f6\u00f6tlemisega.<\/p><h4 style=\"font-weight: 400;\"><span style=\"color: #c1a45f;\"><u>K\u00f5ikide teenuste osutamiseks k\u00fcsime oma klientidelt j\u00e4rgmiseid andmeid:<\/u><\/span><\/h4><ul><li>ees- ja perekonnanimi,<\/li><li>isikukood,<\/li><li>kontaktandmed (telefon, e-posti aadress).<\/li><\/ul><p style=\"font-weight: 400;\">Neid andmeid kogume ja kasutame selleks, et t\u00e4ita \u00f5igusaktidest tulenevaid kohustusi, aga ka selleks, et t\u00e4ita meie vahel s\u00f5lmitud lepingut (nt koolitusega seotud korraldusliku info ja koolitusmaterjalide edastamiseks, osalemise kohta kinnituse k\u00fcsimiseks, arvete saatmiseks jne).<\/p><p style=\"font-weight: 400;\">Maksuseadustest tulenevalt vajame kliendi nime raamatupidamise algdokumentide (arve) koostamiseks.<\/p><p style=\"font-weight: 400;\">T\u00e4iskasvanute koolituse seadusest tulenevalt peame v\u00e4ljastama koolitusel osalenutele t\u00f5endeid ja tunnistusi, millel tuleb kajastada muuhulgas koolitusel osalenud isiku nimi ja isikukood.<\/p><p style=\"font-weight: 400;\">Kliendi nimi, isikukood ja kontaktandmed on meile vajalikud ka rahapesu- ja terrorismi rahastamise t\u00f5kestamise seadusest tulenevate hoolsusmeetmete rakendamiseks (sh kliendi isikusamasuse tuvastamiseks). Raamatupidamisteenuse pakkujana oleme kohustatud seda seadust t\u00e4itma.<\/p><p style=\"font-weight: 400;\">Kliendi nimi, isikukood ja kontaktandmed on vajalikud ka v\u00f5imalike kaebuste ja \u00f5igusvaidluste lahendamisel (\u00f5igustatud huvi).<\/p><p style=\"font-weight: 400;\">Klientide kontaktandmeid kasutame ka turunduslike teadaannete (nt koolituspakkumised, uudiskirjad jms) edastamiseks, kuid seda vaid juhul, kui olete andnud meile selleks n\u00f5usoleku. N\u00f5usoleku andmine on vabatahtlik ning sellest ei olene v\u00f5imalus koolitustel osaleda v\u00f5i kasutada muud meie poolt pakutavat teenust. N\u00f5usoleku saate igal ajal ka tagasi v\u00f5tta ning seej\u00e4rel me teile enam pakkumisi ei edasta.<\/p><h4 style=\"font-weight: 400;\"><span style=\"color: #c1a45f;\"><u>K\u00f5ikide teenustega seonduvalt t\u00f6\u00f6tleme oma klientide kohta ka j\u00e4rgmiseid andmeid:<\/u><\/span><\/h4><ul><li>s\u00f5lmitud lepingud\/esitatud tellimused;<\/li><li>maksekohustuste t\u00e4itmise andmed (esitatud arved, maksegraafiku andmed, laekumised, v\u00f5lgnevused jms);<\/li><li>kirjavahetus seoses lepinguga (teated, pretensioonid, avaldused, v\u00f5lateatised, lepingu l\u00f5petamise teated jms).<\/li><\/ul><p style=\"font-weight: 400;\">Need andmed on meile vajalikud selleks, et omaksime \u00fclevaadet meievahelisest lepingulisest suhtest ning saaksime s\u00f5lmitud lepinguid ja esitatud tellimusi n\u00f5uetekohaselt t\u00e4ita, aga samuti selleks, et kajastada osutatud teenuste andmeid korrektselt oma raamatupidamises (raamatupidamise- ja maksuseadustest tulenev kohustus). Samuti on need andmed vajalikud v\u00f5imalike kaebuste ja \u00f5igusvaidluste lahendamisel (tegemist on meie \u00f5igustatud huviga).<\/p><h4 style=\"font-weight: 400;\"><span style=\"color: #c1a45f;\"><u>Raamatupidamisteenuse osutamiseks kogume juriidilisest isikutest klientidelt:<\/u><\/span><\/h4><ul><li>juhtorganite (juhatus ja n\u00f5ukogu) liikmete isikuandmeid (ees- ja perekonnanimi, isikukood);<\/li><li>tegelike kasusaajate isikuandmeid (ees- ja perekonnanimi, isikukood).Kohustus neid andmeid koguda ja s\u00e4ilitada tuleneb rahapesu ja terrorismi rahastamise seadusest, mida peame oma tegevuses j\u00e4rgima, kuna osutame raamatupidamisteenuseid.<\/li><\/ul><p style=\"font-weight: 400;\">Juhatuse liikmete andmeid k\u00fcsime kliendilt ja kontrollime \u00e4riregistrist. Tegelike kasusaajate andmeid k\u00fcsime kliendilt v\u00f5i kogume tegelike kasusaajate registrist, mis peatselt \u00e4riregistri juurde luuakse.<\/p><h4 style=\"font-weight: 400;\"><span style=\"color: #c1a45f;\"><u>Koolitusteenuse pakkumise k\u00e4igus t\u00f6\u00f6tleme j\u00e4rgmiseid klientide isikuandmeid:<\/u><\/span><\/h4><ul><li>koolituse nimetus, millele olete end meie kodulehe veebivormi kaudu v\u00f5i telefoni teel registreerinud;<\/li><li>varem l\u00e4bitud Blacklynx O\u00dc koolitused (sh koolituste l\u00e4bimise kohta v\u00e4ljastatud tunnistused ja t\u00f5endid koos sealt n\u00e4htuvate andmetega) \u2013 lisaks \u00fcldisele kohustusele s\u00e4ilitada andmeid osutatud teenuste kohta, annab varasemal kursusel osalemise info meile teavet v\u00f5imaliku soovitatava t\u00e4iend\u00f5ppe osas;<\/li><li>makstud koolitustasud \u2013 kasutame neid andmeid tulumaksuseadusest tuleneva informatsioonikohustuse t\u00e4itmiseks (igal aastal esitame Maksu- ja Tolliametile andmed f\u00fc\u00fcsiliste isikute poolt tasutud koolituskulude kohta, mille suhtes rakendub tulumaksusoodustus;<\/li><li>Moodle kasutajakonto andmed (kasutajanimi ja salas\u00f5na) \u2013 loome e-\u00f5ppe keskkonna kasutajakonto k\u00f5ikidele e-\u00f5ppe kursusele registreerunutele, kus kursusel osalejatele on individuaalselt k\u00e4ttesaadavad kursuse l\u00e4bimiseks vajalikud \u00f5ppematerjalid ja \u2013info;<\/li><li>koolitusel osalemise ja puudumise andmed \u2013 \u00f5ppekava t\u00e4itmise mahust s\u00f5ltub, kas meil on \u00f5igus v\u00e4ljastada teile koolituse l\u00e4bimist t\u00f5endav dokument v\u00f5i mitte (alus: t\u00e4iskasvanute koolitamise seadus).<\/li><\/ul><p style=\"font-weight: 400;\">Koolitustel osalejate kohta peame me edastama andmeid koolituse eest maksjale ehk l\u00f5pptellijale, kui l\u00f5pptellija ei ole teie ise, vaid keegi teine (nt t\u00f6\u00f6andja, T\u00f6\u00f6tukassa vms). Nimelt on l\u00f5pptellijal \u00f5igustatud huvi ning enamasti ka juriidiline kohustus saada andmeid selle kohta, mille eest ta tasu on maksnud.<\/p><p style=\"font-weight: 400;\">Samuti edastame koolitusel osalejate kohta andmed (ees- ja perekonnanimi, teatud juhtudel ka isikukood) koolitust l\u00e4biviivale lektorile, kuna lektori \u00fclesanne on kontrollida, kas koolitusel osalevad ikka registreeritud isikud ning kes registreeritud isikutest on kohal ja kes puudub.<\/p><p style=\"font-weight: 400;\">Klientidele postisaadetiste edastamiseks kasutame erinevaid posti ja kullerteenuse pakkujaid, kellele edastame seet\u00f5ttu kliendi nime, aadressi ja vajadusel ka telefoninumbri.<\/p><p style=\"font-weight: 400;\">Kui olete andnud n\u00f5usoleku saada meilt turunduslikke teateid ja uudiskirju, siis v\u00f5ib meil tekkida nende teadete saamiseks vajadus edastada andmeid otseturundusega v\u00f5i masspostitusega tegelevatele teenusepakkujatele.<\/p><p style=\"font-weight: 400;\">V\u00f5ime oma teenuste pakkumisel kasutada ka muid abistavaid teenuseid nagu IT-abi, audiitorteenused, \u00f5igusteenused jne. K\u00f5ik teenusepakkujad on meie volitatud andmet\u00f6\u00f6tlejateks, kellel on \u00f5igus t\u00f6\u00f6delda meilt saadud isikuandmeid \u00fcksnes teenuse osutamiseks vajalikus ulatuses ning \u00fcksnes meie poolt etteantud reeglite ja juhiste alusel.\u00a0<\/p><p style=\"font-weight: 400;\">Maksekohustuste rikkumise korral v\u00f5ime edastada andmed v\u00f5lgnevuste kohta (sh kliendi isikukood, makseh\u00e4ire tekkimise ja l\u00f5ppemise kuup\u00e4ev ning summa) teavet makseh\u00e4ireregistrisse, mida peab AS Creditinfo Eesti (registrikood 10256137) ning mida makseh\u00e4ireregistri kasutajad (nt pangad, t\u00f6\u00f6andjad jne) kasutavad krediidiotsuste tegemiseks ja lepingupartnerite taustakontrolliks.<\/p><p style=\"font-weight: 400;\">Kohustuste rikkumisega seotud andmeid v\u00f5ime oma \u00f5iguste ja huvide kaitseks edastada ka inkassoettev\u00f5tetele, \u00f5igusn\u00f5ustajatele, kohtutele ja muudele isikutele ja asutustele, kes tegelevad vastavate n\u00f5uete menetlemisega.<\/p><p style=\"font-weight: 400;\">Oma klientide kohta peame esitama andmeid j\u00e4relevalve- ja korrakaitseasutustele, kui meilt seaduslikul alusel selliseid andmeid n\u00f5utakse (nt Haridus- ja Teadusministeeriumi, Tarbijakaitseameti, Andmekaitse Inspektsiooni vms p\u00e4ringud kontrollide k\u00e4igus) v\u00f5i kui esineb olukord, mil oleme seadusest tulenevalt kohustatud ise neid andmeid esitama (nt informatsioonikohustuse t\u00e4itmine Maksu- ja Tolliametile, teavitamiskohustuse t\u00e4itmine rahapesu andmeb\u00fcroole jne).<\/p><p style=\"font-weight: 400;\">Isikuandmete edastamisel j\u00e4rgime alati minimaalsuse p\u00f5him\u00f5tet. See t\u00e4hendab, et edastame andmeid vastuv\u00f5tjale vaid mahus, milleks see on andmete kogumise ja edastamise eesm\u00e4rki silmas pidades \u00f5igustatud ja vajalik. Nt koolituse l\u00f5pptellijale edastame registreerimislehed v\u00f5i individuaalsed osav\u00f5tulehed, millelt n\u00e4htub koolitusel osaleja nimi, isikukood, koolitusel osalemise aeg ja koht ning osaleja allkiri. Samuti on l\u00f5pptellijal \u00f5igus saada \u00e4rakiri koolituse l\u00e4bimist t\u00f5endavast tunnistusest v\u00f5i t\u00f5endist.<\/p><h4 style=\"font-weight: 400;\"><span style=\"color: #c1a45f;\"><strong>Isikuandmete hoidmine\/kaitsmine<\/strong><\/span><\/h4><p style=\"font-weight: 400;\">Kasutame oma asjaajamise korraldamiseks ja dokumentide hoidmiseks ettev\u00f5ttesisest infohalduss\u00fcsteemi, millele on isikliku parooliga juurdep\u00e4\u00e4s \u00fcksnes meie t\u00f6\u00f6tajatel.<\/p><p style=\"font-weight: 400;\">T\u00f6\u00f6tajate t\u00f6\u00f6lepingutes, aga ka lektoritega s\u00f5lmitavates k\u00e4sunduslepingutes on etten\u00e4htud kliendiandmete saladuses hoidmise kohustus ning vastutus selle olulise kohustuse rikkumise eest.<\/p><p style=\"font-weight: 400;\">Meie t\u00f6\u00f6tajatel on kohustus kasutada t\u00f6\u00f6alase info vahetamiseks m\u00f5eldud nimelist e-posti aadressi, mist\u00f5ttu liigub ka isikuandmeid sisaldav info turvaliselt l\u00e4bi meie poolt kasutatava usaldusv\u00e4\u00e4rse teenusepakkuja (O\u00dc Elkdata) meiliserveri. Andmete edastamiseks kasutame kr\u00fcpteeritud kanaleid.<\/p><h4 style=\"font-weight: 400;\"><span style=\"color: #c1a45f;\"><strong>Isikuandmete s\u00e4ilitamine<\/strong><\/span><\/h4><p style=\"font-weight: 400;\">Isikuandmete, sealhulgas isikuandmeid sisaldavate dokumentide s\u00e4ilitamisel l\u00e4htume p\u00f5him\u00f5ttest, et andmeid s\u00e4ilitame \u00fcksnes seni, kuni see on vajalik eesm\u00e4rgi t\u00e4itmiseks, milleks andmeid kogusime, v\u00f5i seni, kuni andmete s\u00e4ilitamine on seadusest tulenevalt kohustuslik<\/p><p style=\"font-weight: 400;\">Arvestades, et peaaegu k\u00f5ik meie poolt kogutavad isikuandmed on seotud sellega, kellele ja kuidas me oleme teenust osutanud, siis v\u00f5ivad need andmed omada t\u00e4hendust ka v\u00f5imalikes \u00f5igusvaidlustes. Seega oma \u00f5igustatud huvide kaitsmiseks l\u00e4htume andmete s\u00e4ilitust\u00e4htaja m\u00e4\u00e4ramisel maksimaalsetest aegumist\u00e4htaegadest, mis on n\u00f5uete esitamiseks seadusega ette n\u00e4htud \u2013 see on 10 aastat lepinguliste suhete l\u00f5ppemisest.<\/p><h5 style=\"font-weight: 400;\"><span style=\"color: #c1a45f;\"><strong>Isikuandmete kaitset reguleerivatest \u00f5igusaktidest (eelk\u00f5ige Euroopa isikuandmete kaitse \u00fcldm\u00e4\u00e4rusest nr 2016\/679, j\u00f5ustumise aeg 25.05.2018) tuleneb andmesubjektidele mitmeid \u00f5igusi, millest anname teile allj\u00e4rgnevalt kokkuv\u00f5tliku \u00fclevaate.<\/strong><\/span><\/h5><p style=\"font-weight: 400;\">\u00a0<\/p><h4 style=\"font-weight: 400;\"><span style=\"color: #c1a45f;\"><strong><u>Inimesel on \u00f5igus:<\/u><\/strong><\/span><\/h4><ul><li>saada teavet tema kohta kogutud isikuandmete ja nende t\u00f6\u00f6tlemise kohta, sh \u00f5igus saada tasuta koopia t\u00f6\u00f6deldavatest isikuandmetest (NB: lisakoopia ehk teistkordselt samade andmete kohta koopia n\u00f5udmisel v\u00f5ime k\u00fcsida teilt m\u00f5istlikku tasu koopia v\u00e4ljastamisega seotud halduskulu katmiseks);<\/li><li>esitada vastuv\u00e4ide isikuandmete t\u00f6\u00f6tlemise osas;<\/li><li>n\u00f5uda isikuandmete parandamist v\u00f5i t\u00e4iendamist, kui andmed on eba\u00f5iged v\u00f5i mittet\u00e4ielikud,<\/li><li>n\u00f5uda isikuandmete kustutamist (nt juhul, kui meil puudub isikuandmete t\u00f6\u00f6tlemiseks \u00f5iguslik alus v\u00f5i see alus on \u00e4ra langenud, nt juhul, kui andmete t\u00f6\u00f6tlemise aluseks oli teie n\u00f5usolek, mille te olete tagasi v\u00f5tnud),<\/li><li>n\u00f5uda isikuandmete t\u00f6\u00f6tlemise piiramist (nt ajaks, mil menetleme teie taotlust v\u00f5i vaidlustust seoses isikuandmete t\u00f6\u00f6tlemisega),<\/li><li>v\u00f5tta isikuandmete t\u00f6\u00f6tlemiseks antud n\u00f5usolek osaliselt v\u00f5i t\u00e4ielikult tagasi, kui andmete t\u00f6\u00f6tlemise aluseks oli teie n\u00f5usolek, sh on teil \u00f5igus keelata oma andmete t\u00f6\u00f6tlemine otseturustuseks,<\/li><li>saada isikuandmeid struktureeritult ja elektrooniliselt \u00fcldkasutatavas masinloetavas formaadis ning edastada need andmed teisele teenusepakkujale, v\u00e4lja arvatud juhul, kui tegemist on andmetega, millele \u00fclekandmis\u00f5igus ei kohaldu (vt soovi korral ka Andmekaitse Inspektsiooni selgitusi andmete \u00fclekandmis\u00f5iguse kohta: <a href=\"http:\/\/www.aki.ee\/et\/andmekaitse-reform\/mida-tahendab-andmete-ulekandmise-oigus\">http:\/\/www.aki.ee\/et\/andmekaitse-reform\/mida-tahendab-andmete-ulekandmise-oigus<\/a>),<\/li><li>p\u00f6\u00f6rduda isikuandmete t\u00f6\u00f6tlemise n\u00f5uete rikkumise korral Andmekaitse Inspektsiooni (www.aki.ee) v\u00f5i kohtu poole.<\/li><\/ul><h4 style=\"font-weight: 400;\"><span style=\"color: #c1a45f;\"><strong>Privaatsusteate muutmine<\/strong><\/span><\/h4><p style=\"font-weight: 400;\">Aeg-ajalt vaatame me oma privaatsusteate \u00fcle ning teeme sellesse vajalikke t\u00e4iendusi. Olemasolevaid kliente teavitame privaatsusteate muutmisest e-posti teel enne muudatuste kehtima hakkamist. Kehtiv privaatsusteade on alati k\u00e4ttesaadav meie kodulehel: <a href=\"https:\/\/blacklynx.ee\/en\/andmekaitse\/\">http:\/\/www.blacklynx.ee\/andmekaitse<\/a><\/p>\t\t\t\t\t\t\t\t<\/div>\n\t\t\t\t<\/div>\n\t\t\t\t<div class=\"elementor-element elementor-element-572e511 elementor-widget-divider--view-line elementor-widget elementor-widget-divider\" data-id=\"572e511\" data-element_type=\"widget\" data-e-type=\"widget\" data-widget_type=\"divider.default\">\n\t\t\t\t<div class=\"elementor-widget-container\">\n\t\t\t\t\t\t\t<div class=\"elementor-divider\">\n\t\t\t<span class=\"elementor-divider-separator\">\n\t\t\t\t\t\t<\/span>\n\t\t<\/div>\n\t\t\t\t\t\t<\/div>\n\t\t\t\t<\/div>\n\t\t\t\t\t<\/div>\n\t\t<\/div>\n\t\t\t\t\t<\/div>\n\t\t<\/section>\n\t\t\t\t<\/div>","protected":false},"excerpt":{"rendered":"<p>Andmekaitse Isikuandmete vastutavaks t\u00f6\u00f6tlejaks on Blacklynx O\u00dc, registrikood 14142382, edaspidi meie). Pakume oma klientidele erinevaid koolitusi ning raamatupidamise- ja \u00e4riteenuseid, mille osutamise k\u00e4igus puutume kokku ka oma klientide isikuandmetega. Privaatsusteates anname \u00fclevaate selle kohta, milliseid isikuandmeid me oma klientide kohta kogume ja t\u00f6\u00f6tleme, millistel eesm\u00e4rkidel ja millisel alusel me seda teeme ja kui kaua me [&hellip;]<\/p>\n","protected":false},"author":1,"featured_media":0,"parent":0,"menu_order":0,"comment_status":"closed","ping_status":"closed","template":"","meta":{"_monsterinsights_skip_tracking":false,"_monsterinsights_sitenote_active":false,"_monsterinsights_sitenote_note":"","_monsterinsights_sitenote_category":0,"site-sidebar-layout":"no-sidebar","site-content-layout":"default","ast-site-content-layout":"default","site-content-style":"default","site-sidebar-style":"default","ast-global-header-display":"","ast-banner-title-visibility":"","ast-main-header-display":"","ast-hfb-above-header-display":"","ast-hfb-below-header-display":"","ast-hfb-mobile-header-display":"","site-post-title":"disabled","ast-breadcrumbs-content":"","ast-featured-img":"disabled","footer-sml-layout":"","ast-disable-related-posts":"","theme-transparent-header-meta":"default","adv-header-id-meta":"","stick-header-meta":"","header-above-stick-meta":"","header-main-stick-meta":"","header-below-stick-meta":"","astra-migrate-meta-layouts":"default","ast-page-background-enabled":"default","ast-page-background-meta":{"desktop":{"background-color":"var(--ast-global-color-4)","background-image":"","background-repeat":"repeat","background-position":"center center","background-size":"auto","background-attachment":"scroll","background-type":"","background-media":"","overlay-type":"","overlay-color":"","overlay-opacity":"","overlay-gradient":""},"tablet":{"background-color":"","background-image":"","background-repeat":"repeat","background-position":"center center","background-size":"auto","background-attachment":"scroll","background-type":"","background-media":"","overlay-type":"","overlay-color":"","overlay-opacity":"","overlay-gradient":""},"mobile":{"background-color":"","background-image":"","background-repeat":"repeat","background-position":"center center","background-size":"auto","background-attachment":"scroll","background-type":"","background-media":"","overlay-type":"","overlay-color":"","overlay-opacity":"","overlay-gradient":""}},"ast-content-background-meta":{"desktop":{"background-color":"var(--ast-global-color-5)","background-image":"","background-repeat":"repeat","background-position":"center center","background-size":"auto","background-attachment":"scroll","background-type":"","background-media":"","overlay-type":"","overlay-color":"","overlay-opacity":"","overlay-gradient":""},"tablet":{"background-color":"var(--ast-global-color-5)","background-image":"","background-repeat":"repeat","background-position":"center center","background-size":"auto","background-attachment":"scroll","background-type":"","background-media":"","overlay-type":"","overlay-color":"","overlay-opacity":"","overlay-gradient":""},"mobile":{"background-color":"var(--ast-global-color-5)","background-image":"","background-repeat":"repeat","background-position":"center center","background-size":"auto","background-attachment":"scroll","background-type":"","background-media":"","overlay-type":"","overlay-color":"","overlay-opacity":"","overlay-gradient":""}},"footnotes":""},"class_list":["post-1204","page","type-page","status-publish","hentry"],"aioseo_notices":[],"_links":{"self":[{"href":"https:\/\/blacklynx.ee\/en\/wp-json\/wp\/v2\/pages\/1204","targetHints":{"allow":["GET"]}}],"collection":[{"href":"https:\/\/blacklynx.ee\/en\/wp-json\/wp\/v2\/pages"}],"about":[{"href":"https:\/\/blacklynx.ee\/en\/wp-json\/wp\/v2\/types\/page"}],"author":[{"embeddable":true,"href":"https:\/\/blacklynx.ee\/en\/wp-json\/wp\/v2\/users\/1"}],"replies":[{"embeddable":true,"href":"https:\/\/blacklynx.ee\/en\/wp-json\/wp\/v2\/comments?post=1204"}],"version-history":[{"count":4,"href":"https:\/\/blacklynx.ee\/en\/wp-json\/wp\/v2\/pages\/1204\/revisions"}],"predecessor-version":[{"id":1208,"href":"https:\/\/blacklynx.ee\/en\/wp-json\/wp\/v2\/pages\/1204\/revisions\/1208"}],"wp:attachment":[{"href":"https:\/\/blacklynx.ee\/en\/wp-json\/wp\/v2\/media?parent=1204"}],"curies":[{"name":"wp","href":"https:\/\/api.w.org\/{rel}","templated":true}]}}